{"id":7680,"date":"2022-10-31T14:39:20","date_gmt":"2022-10-31T14:39:20","guid":{"rendered":"https:\/\/nova.go-montreal.com\/benevoles\/"},"modified":"2026-01-21T05:20:38","modified_gmt":"2026-01-21T05:20:38","slug":"benevoles","status":"publish","type":"page","link":"https:\/\/thriftshopsfornova.com\/fr\/benevoles\/","title":{"rendered":"B\u00e9n\u00e9voles"},"content":{"rendered":"<div class=\"wpb-content-wrapper\"><p>[vc_section full_width=\u00a0\u00bbstretch_row\u00a0\u00bb woodmart_bg_position=\u00a0\u00bbcenter-center\u00a0\u00bb css=\u00a0\u00bb.vc_custom_1666884485926{padding-top: 75px !important;background-position: 0 0 !important;background-repeat: repeat !important;}\u00a0\u00bb woodmart_css_id=\u00a0\u00bb635aa3833db51&Prime; responsive_spacing=\u00a0\u00bbeyJwYXJhbV90eXBlIjoid29vZG1hcnRfcmVzcG9uc2l2ZV9zcGFjaW5nIiwic2VsZWN0b3JfaWQiOiI2MzVhYTM4MzNkYjUxIiwic2hvcnRjb2RlIjoidmNfc2VjdGlvbiIsImRhdGEiOnsidGFibGV0Ijp7fSwibW9iaWxlIjp7InBhZGRpbmctdG9wIjoiNjBweCJ9fX0=\u00a0\u00bb mobile_bg_img_hidden=\u00a0\u00bbyes\u00a0\u00bb tablet_bg_img_hidden=\u00a0\u00bbno\u00a0\u00bb woodmart_parallax=\u00a0\u00bb0&Prime; woodmart_gradient_switch=\u00a0\u00bbno\u00a0\u00bb woodmart_disable_overflow=\u00a0\u00bb0&Prime; woodmart_box_shadow=\u00a0\u00bbno\u00a0\u00bb wd_z_index=\u00a0\u00bbno\u00a0\u00bb][vc_row full_width=\u00a0\u00bbstretch_row\u00a0\u00bb content_placement=\u00a0\u00bbmiddle\u00a0\u00bb woodmart_bg_position=\u00a0\u00bbcenter-center\u00a0\u00bb css=\u00a0\u00bb.vc_custom_1667227993718{background-position: 0 0 !important;background-repeat: no-repeat !important;}\u00a0\u00bb woodmart_css_id=\u00a0\u00bb635fe155a1baa\u00a0\u00bb responsive_spacing=\u00a0\u00bbeyJwYXJhbV90eXBlIjoid29vZG1hcnRfcmVzcG9uc2l2ZV9zcGFjaW5nIiwic2VsZWN0b3JfaWQiOiI2MzVmZTE1NWExYmFhIiwic2hvcnRjb2RlIjoidmNfcm93IiwiZGF0YSI6eyJ0YWJsZXQiOnt9LCJtb2JpbGUiOnsibWFyZ2luLWJvdHRvbSI6IjI1cHgifX19&Prime; mobile_bg_img_hidden=\u00a0\u00bbno\u00a0\u00bb tablet_bg_img_hidden=\u00a0\u00bbno\u00a0\u00bb woodmart_parallax=\u00a0\u00bb0&Prime; woodmart_gradient_switch=\u00a0\u00bbno\u00a0\u00bb row_reverse_mobile=\u00a0\u00bb0&Prime; row_reverse_tablet=\u00a0\u00bb0&Prime; woodmart_disable_overflow=\u00a0\u00bb0&Prime; woodmart_box_shadow=\u00a0\u00bbno\u00a0\u00bb wd_z_index=\u00a0\u00bbno\u00a0\u00bb][vc_column width=\u00a0\u00bb1\/2&Prime; woodmart_text_align=\u00a0\u00bbcenter\u00a0\u00bb css=\u00a0\u00bb.vc_custom_1628163844572{margin-bottom: 30px !important;padding-top: 0px !important;}\u00a0\u00bb woodmart_css_id=\u00a0\u00bb610bcf006bac5&Prime; responsive_spacing=\u00a0\u00bbeyJwYXJhbV90eXBlIjoid29vZG1hcnRfcmVzcG9uc2l2ZV9zcGFjaW5nIiwic2VsZWN0b3JfaWQiOiI2MTBiY2YwMDZiYWM1Iiwic2hvcnRjb2RlIjoidmNfY29sdW1uIiwiZGF0YSI6eyJ0YWJsZXQiOnt9LCJtb2JpbGUiOnt9fX0=\u00a0\u00bb parallax_scroll=\u00a0\u00bbno\u00a0\u00bb mobile_bg_img_hidden=\u00a0\u00bbno\u00a0\u00bb tablet_bg_img_hidden=\u00a0\u00bbno\u00a0\u00bb woodmart_parallax=\u00a0\u00bb0&Prime; woodmart_sticky_column=\u00a0\u00bbfalse\u00a0\u00bb mobile_reset_margin=\u00a0\u00bbno\u00a0\u00bb tablet_reset_margin=\u00a0\u00bbno\u00a0\u00bb]\n\t\t<div id=\"wd-635fdfb208877\" class=\"title-wrapper wd-wpb wd-set-mb reset-last-child  wd-rs-635fdfb208877 wd-title-color-primary wd-title-style-simple text-center vc_custom_1667227590778 wd-width-custom wd-underline-colored\">\n\t\t\t\t\t\t\t\n\t\t\t\t<div class=\"title-subtitle  subtitle-color-primary font-default subtitle-style-default wd-font-weight- wd-fontsize-xs\">Quels sont vos super pouvoirs?<\/div>\n\t\t\t\n\t\t\t<div class=\"liner-continer\">\n\t\t\t\t<h4 class=\"woodmart-title-container title  wd-font-weight- wd-fontsize-l\" >Venez nous joindre \u00e0 titre de b\u00e9n\u00e9vole !<\/h4>\n\t\t\t\t\t\t\t<\/div>\n\t\t\t\n\t\t\t\n\t\t\t\n\t\t<\/div>\n\t\t\n\t\t\t\t<div id=\"wd-6970620ee44d6\" class=\"wd-text-block wd-wpb reset-last-child wd-rs-6970620ee44d6 text-left \">\n\t\t\t<p>Il existe de nombreuses fa\u00e7ons de donner de votre temps en tant que b\u00e9n\u00e9vole. Nous recherchons des personnes ayant des comp\u00e9tences vari\u00e9es, notamment en exp\u00e9rience de vente au d\u00e9tail, ventes, tarification et traitement des inventaires, caisses, r\u00e9seaux sociaux, etc. Mais ne vous inqui\u00e9tez pas, aucune exp\u00e9rience n\u2019est n\u00e9cessaire non plus\u2026 Venez participer \u00e0 l\u2019aventure !<\/p>\n<p>Les boutiques de seconde main pour NOVA sont enti\u00e8rement g\u00e9r\u00e9es par notre groupe d\u00e9vou\u00e9 de b\u00e9n\u00e9voles. Nous sommes toujours \u00e0 la recherche de personnes amicales et organis\u00e9es pour rejoindre notre \u00e9quipe<\/p>\n<p><strong>Souhaitez-vous rejoindre notre \u00e9quipe de b\u00e9n\u00e9voles ?<\/strong><\/p>\n<p>\u00catre b\u00e9n\u00e9vole avec nous est une fa\u00e7on enrichissante de redonner \u00e0 la communaut\u00e9 tout en soutenant les services essentiels de sant\u00e9 communautaire financ\u00e9s par nos boutiques. Voici comment commencer :<\/p>\n<ul>\n<li><strong>T\u00e9l\u00e9chargez et imprimez le formulaire d&rsquo;inscription pour les b\u00e9n\u00e9voles : <\/strong><a href=\"https:\/\/thriftshopsfornova.com\/wp-content\/uploads\/2026\/01\/Nova-Thrift-Application-form-l.pdf\" target=\"_blank\" rel=\"noopener\" download=\"\">T\u00e9l\u00e9charger le formulaire<\/a><\/li>\n<li><strong>Remplissez le formulaire :<\/strong>\u00a0Compl\u00e9tez tous les champs au mieux de vos capacit\u00e9s.<\/li>\n<li><strong>Apportez-le \u00e0 l&rsquo;une de nos cinq boutiques :<\/strong>\u00a0D\u00e9posez le formulaire rempli dans la boutique de votre choix. Les emplacements et adresses de nos magasins se trouvent sur le formulaire.<\/li>\n<li><strong>Vous pouvez \u00e9galement envoyer le formulaire rempli par e-mail \u00e0 : <\/strong><a href=\"mailto:volunteers@thriftshopsfornova.com\" target=\"_blank\" rel=\"noopener\">volunteers@thriftshopsfornova.com<\/a><\/li>\n<\/ul>\n<p>Une fois que nous aurons re\u00e7u votre formulaire, notre \u00e9quipe l\u2019examinera et vous contactera pour discuter des prochaines \u00e9tapes. Merci de soutenir NOVA avec votre temps et votre d\u00e9vouement !<\/p>\n\t\t<\/div>\n\t\t[\/vc_column][vc_column width=\u00a0\u00bb1\/2&Prime; css=\u00a0\u00bb.vc_custom_1628163838260{margin-bottom: 40px !important;padding-top: 0px !important;}\u00a0\u00bb woodmart_css_id=\u00a0\u00bb610bcef8f0d90&Prime; responsive_spacing=\u00a0\u00bbeyJwYXJhbV90eXBlIjoid29vZG1hcnRfcmVzcG9uc2l2ZV9zcGFjaW5nIiwic2VsZWN0b3JfaWQiOiI2MTBiY2VmOGYwZDkwIiwic2hvcnRjb2RlIjoidmNfY29sdW1uIiwiZGF0YSI6eyJ0YWJsZXQiOnt9LCJtb2JpbGUiOnt9fX0=\u00a0\u00bb parallax_scroll=\u00a0\u00bbno\u00a0\u00bb mobile_bg_img_hidden=\u00a0\u00bbno\u00a0\u00bb tablet_bg_img_hidden=\u00a0\u00bbno\u00a0\u00bb woodmart_parallax=\u00a0\u00bb0&Prime; woodmart_sticky_column=\u00a0\u00bbfalse\u00a0\u00bb mobile_reset_margin=\u00a0\u00bbno\u00a0\u00bb tablet_reset_margin=\u00a0\u00bbno\u00a0\u00bb]\t\t<div id=\"wd-635fdfe836ff4\" class=\"wd-image wd-wpb wd-rs-635fdfe836ff4 text-center vc_custom_1667227636158\">\n\t\t\t\n\t\t\t<img decoding=\"async\" width=\"880\" height=\"558\" data-src=\"https:\/\/thriftshopsfornova.com\/wp-content\/uploads\/2022\/10\/bg-volunteer.jpg\" class=\"attachment-full size-full lazyload\" alt=\"\" data-srcset=\"https:\/\/thriftshopsfornova.com\/wp-content\/uploads\/2022\/10\/bg-volunteer.jpg 880w, https:\/\/thriftshopsfornova.com\/wp-content\/uploads\/2022\/10\/bg-volunteer-400x254.jpg 400w, https:\/\/thriftshopsfornova.com\/wp-content\/uploads\/2022\/10\/bg-volunteer-768x487.jpg 768w, https:\/\/thriftshopsfornova.com\/wp-content\/uploads\/2022\/10\/bg-volunteer-860x545.jpg 860w, https:\/\/thriftshopsfornova.com\/wp-content\/uploads\/2022\/10\/bg-volunteer-430x273.jpg 430w, https:\/\/thriftshopsfornova.com\/wp-content\/uploads\/2022\/10\/bg-volunteer-700x444.jpg 700w, https:\/\/thriftshopsfornova.com\/wp-content\/uploads\/2022\/10\/bg-volunteer-150x95.jpg 150w\" data-sizes=\"(max-width: 880px) 100vw, 880px\" src=\"data:image\/svg+xml;base64,PHN2ZyB3aWR0aD0iMSIgaGVpZ2h0PSIxIiB4bWxucz0iaHR0cDovL3d3dy53My5vcmcvMjAwMC9zdmciPjwvc3ZnPg==\" style=\"--smush-placeholder-width: 880px; --smush-placeholder-aspect-ratio: 880\/558;\" \/>\n\t\t\t\t\t<\/div>\n\t\t[\/vc_column][\/vc_row][vc_row woodmart_css_id=\u00a0\u00bb635fe0fac44e2&Prime; responsive_spacing=\u00a0\u00bbeyJwYXJhbV90eXBlIjoid29vZG1hcnRfcmVzcG9uc2l2ZV9zcGFjaW5nIiwic2VsZWN0b3JfaWQiOiI2MzVmZTBmYWM0NGUyIiwic2hvcnRjb2RlIjoidmNfcm93IiwiZGF0YSI6eyJ0YWJsZXQiOnt9LCJtb2JpbGUiOnt9fX0=\u00a0\u00bb mobile_bg_img_hidden=\u00a0\u00bbno\u00a0\u00bb tablet_bg_img_hidden=\u00a0\u00bbno\u00a0\u00bb woodmart_parallax=\u00a0\u00bb0&Prime; woodmart_gradient_switch=\u00a0\u00bbno\u00a0\u00bb woodmart_box_shadow=\u00a0\u00bbno\u00a0\u00bb wd_z_index=\u00a0\u00bbno\u00a0\u00bb woodmart_disable_overflow=\u00a0\u00bb0&Prime; row_reverse_mobile=\u00a0\u00bb0&Prime; row_reverse_tablet=\u00a0\u00bb0&Prime;][vc_column woodmart_text_align=\u00a0\u00bbcenter\u00a0\u00bb woodmart_css_id=\u00a0\u00bb635fe0b6dd2f2&Prime; parallax_scroll=\u00a0\u00bbno\u00a0\u00bb woodmart_sticky_column=\u00a0\u00bbfalse\u00a0\u00bb wd_collapsible_content_switcher=\u00a0\u00bbno\u00a0\u00bb wd_column_role_offcanvas_desktop=\u00a0\u00bbno\u00a0\u00bb wd_column_role_offcanvas_tablet=\u00a0\u00bbno\u00a0\u00bb wd_column_role_offcanvas_mobile=\u00a0\u00bbno\u00a0\u00bb wd_column_role_content_desktop=\u00a0\u00bbno\u00a0\u00bb wd_column_role_content_tablet=\u00a0\u00bbno\u00a0\u00bb wd_column_role_content_mobile=\u00a0\u00bbno\u00a0\u00bb mobile_bg_img_hidden=\u00a0\u00bbno\u00a0\u00bb tablet_bg_img_hidden=\u00a0\u00bbno\u00a0\u00bb woodmart_parallax=\u00a0\u00bb0&Prime; woodmart_box_shadow=\u00a0\u00bbno\u00a0\u00bb responsive_spacing=\u00a0\u00bbeyJwYXJhbV90eXBlIjoid29vZG1hcnRfcmVzcG9uc2l2ZV9zcGFjaW5nIiwic2VsZWN0b3JfaWQiOiI2MzVmZTBiNmRkMmYyIiwic2hvcnRjb2RlIjoidmNfY29sdW1uIiwiZGF0YSI6eyJ0YWJsZXQiOnt9LCJtb2JpbGUiOnt9fX0=\u00a0\u00bb mobile_reset_margin=\u00a0\u00bbno\u00a0\u00bb tablet_reset_margin=\u00a0\u00bbno\u00a0\u00bb wd_z_index=\u00a0\u00bbno\u00a0\u00bb]<div id=\"wd-6632946aee3ef\" class=\" wd-rs-6632946aee3ef  wd-button-wrapper text-center inline-element\"><a href=\"https:\/\/thriftshopsfornova.com\/fr\/ste-anne-de-bellevue\/\" title=\"Locations\" class=\"btn btn-color-primary btn-style-bordered btn-shape-semi-round btn-size-extra-large\">Saint-Anne-de-Bellevue<\/a><\/div><div id=\"wd-6632948137f9c\" class=\" wd-rs-6632948137f9c  wd-button-wrapper text-center inline-element\"><a href=\"https:\/\/thriftshopsfornova.com\/fr\/ste-anne-de-bellevue-librairie\/\" title=\"Locations\" class=\"btn btn-color-primary btn-style-bordered btn-shape-semi-round btn-size-extra-large\">Saint-Anne-de-Bellevue Librairie<\/a><\/div><div id=\"wd-6616639ad1262\" class=\" wd-rs-6616639ad1262  wd-button-wrapper text-center inline-element\"><a href=\"https:\/\/thriftshopsfornova.com\/fr\/beaconsfield\/\" title=\"Locations\" class=\"btn btn-color-primary btn-style-bordered btn-shape-semi-round btn-size-extra-large\">Beaconsfield<\/a><\/div><div id=\"wd-661663a583219\" class=\" wd-rs-661663a583219  wd-button-wrapper text-center inline-element\"><a href=\"https:\/\/thriftshopsfornova.com\/fr\/pointe-claire\/\" title=\"Locations\" class=\"btn btn-color-primary btn-style-bordered btn-shape-semi-round btn-size-extra-large\">Pointe-Claire<\/a><\/div><div id=\"wd-661663b250513\" class=\" wd-rs-661663b250513  wd-button-wrapper text-center inline-element\"><a href=\"https:\/\/thriftshopsfornova.com\/fr\/kirkland\/\" title=\"Locations\" class=\"btn btn-color-primary btn-style-bordered btn-shape-semi-round btn-size-extra-large\">Kirkland<\/a><\/div>[\/vc_column][\/vc_row][\/vc_section]<\/p>\n<\/div>","protected":false},"excerpt":{"rendered":"<p>[vc_section full_width=\u00a0\u00bbstretch_row\u00a0\u00bb woodmart_bg_position=\u00a0\u00bbcenter-center\u00a0\u00bb css=\u00a0\u00bb.vc_custom_1666884485926{padding-top: 75px !important;background-position: 0 0 !important;background-repeat: repeat !important;}\u00a0\u00bb woodmart_css_id=\u00a0\u00bb635aa3833db51&Prime; responsive_spacing=\u00a0\u00bbeyJwYXJhbV90eXBlIjoid29vZG1hcnRfcmVzcG9uc2l2ZV9zcGFjaW5nIiwic2VsZWN0b3JfaWQiOiI2MzVhYTM4MzNkYjUxIiwic2hvcnRjb2RlIjoidmNfc2VjdGlvbiIsImRhdGEiOnsidGFibGV0Ijp7fSwibW9iaWxlIjp7InBhZGRpbmctdG9wIjoiNjBweCJ9fX0=\u00a0\u00bb mobile_bg_img_hidden=\u00a0\u00bbyes\u00a0\u00bb tablet_bg_img_hidden=\u00a0\u00bbno\u00a0\u00bb woodmart_parallax=\u00a0\u00bb0&Prime; woodmart_gradient_switch=\u00a0\u00bbno\u00a0\u00bb woodmart_disable_overflow=\u00a0\u00bb0&Prime; woodmart_box_shadow=\u00a0\u00bbno\u00a0\u00bb wd_z_index=\u00a0\u00bbno\u00a0\u00bb][vc_row<\/p>\n","protected":false},"author":1,"featured_media":0,"parent":0,"menu_order":0,"comment_status":"closed","ping_status":"closed","template":"","meta":{"footnotes":""},"class_list":["post-7680","page","type-page","status-publish","hentry"],"_links":{"self":[{"href":"https:\/\/thriftshopsfornova.com\/fr\/wp-json\/wp\/v2\/pages\/7680","targetHints":{"allow":["GET"]}}],"collection":[{"href":"https:\/\/thriftshopsfornova.com\/fr\/wp-json\/wp\/v2\/pages"}],"about":[{"href":"https:\/\/thriftshopsfornova.com\/fr\/wp-json\/wp\/v2\/types\/page"}],"author":[{"embeddable":true,"href":"https:\/\/thriftshopsfornova.com\/fr\/wp-json\/wp\/v2\/users\/1"}],"replies":[{"embeddable":true,"href":"https:\/\/thriftshopsfornova.com\/fr\/wp-json\/wp\/v2\/comments?post=7680"}],"version-history":[{"count":13,"href":"https:\/\/thriftshopsfornova.com\/fr\/wp-json\/wp\/v2\/pages\/7680\/revisions"}],"predecessor-version":[{"id":8048,"href":"https:\/\/thriftshopsfornova.com\/fr\/wp-json\/wp\/v2\/pages\/7680\/revisions\/8048"}],"wp:attachment":[{"href":"https:\/\/thriftshopsfornova.com\/fr\/wp-json\/wp\/v2\/media?parent=7680"}],"curies":[{"name":"wp","href":"https:\/\/api.w.org\/{rel}","templated":true}]}}