{"id":7794,"date":"2024-04-09T05:35:39","date_gmt":"2024-04-09T05:35:39","guid":{"rendered":"https:\/\/thriftshopsfornova.com\/kirkland\/"},"modified":"2024-04-09T06:05:02","modified_gmt":"2024-04-09T06:05:02","slug":"kirkland","status":"publish","type":"page","link":"https:\/\/thriftshopsfornova.com\/fr\/kirkland\/","title":{"rendered":"Kirkland"},"content":{"rendered":"<div class=\"wpb-content-wrapper\"><p>[vc_row][vc_column]<style data-type=\"vc_shortcodes-custom-css\">.vc_custom_1667488878186{margin-top: 40px !important;margin-bottom: 80px !important;}.vc_custom_1667487846591{padding-top: 0px !important;}.vc_custom_1627912174353{padding-top: 0px !important;}.vc_custom_1667499879881{margin-bottom: 25px !important;border-bottom-width: 1px !important;padding-bottom: 25px !important;border-bottom-color: #e5e5e5 !important;border-bottom-style: solid !important;}.vc_custom_1627912156369{margin-bottom: 20px !important;padding-top: 0px !important;}.vc_custom_1667488271640{margin-bottom: 10px !important;}.vc_custom_1670343949749{margin-bottom: 20px !important;}.vc_custom_1667488401842{margin-bottom: 10px !important;}.vc_custom_1667499982047{margin-bottom: 20px !important;border-bottom-width: 1px !important;padding-bottom: 25px !important;border-bottom-color: #e5e5e5 !important;border-bottom-style: solid !important;}.vc_custom_1667499999503{margin-bottom: 0px !important;}#wd-636407db91649.wd-text-block{line-height:34px;font-size:24px;}@media (max-width: 1199px) {html .wd-rs-6363dc6279ab6{margin-bottom:20px !important;}html .wd-rs-6363d8609902c > .vc_column-inner{margin-bottom:40px !important;}html .wd-rs-6107f7e625cb9 > .vc_column-inner{margin-bottom:20px !important;}}@media (max-width: 767px) {html .wd-rs-6363dc6279ab6{margin-bottom:0px !important;}}<\/style><div class=\"wpb-content-wrapper\">[vc_row equal_height=\"yes\" content_placement=\"top\" css=\".vc_custom_1667488878186{margin-top: 40px !important;margin-bottom: 80px !important;}\" woodmart_css_id=\"6363dc6279ab6\" responsive_spacing=\"eyJwYXJhbV90eXBlIjoid29vZG1hcnRfcmVzcG9uc2l2ZV9zcGFjaW5nIiwic2VsZWN0b3JfaWQiOiI2MzYzZGM2Mjc5YWI2Iiwic2hvcnRjb2RlIjoidmNfcm93IiwiZGF0YSI6eyJ0YWJsZXQiOnsibWFyZ2luLWJvdHRvbSI6IjIwcHgifSwibW9iaWxlIjp7Im1hcmdpbi1ib3R0b20iOiIwcHgifX19\" mobile_bg_img_hidden=\"no\" tablet_bg_img_hidden=\"no\" woodmart_parallax=\"0\" woodmart_gradient_switch=\"no\" row_reverse_mobile=\"0\" row_reverse_tablet=\"0\" woodmart_disable_overflow=\"0\" woodmart_box_shadow=\"no\" wd_z_index=\"no\"][vc_column woodmart_sticky_column_offset=\"\" offset=\"vc_col-md-6 vc_col-xs-12\" woodmart_css_id=\"6363d8609902c\" responsive_spacing=\"eyJwYXJhbV90eXBlIjoid29vZG1hcnRfcmVzcG9uc2l2ZV9zcGFjaW5nIiwic2VsZWN0b3JfaWQiOiI2MzYzZDg2MDk5MDJjIiwic2hvcnRjb2RlIjoidmNfY29sdW1uIiwiZGF0YSI6eyJ0YWJsZXQiOnsibWFyZ2luLWJvdHRvbSI6IjQwcHgifSwibW9iaWxlIjp7fX19\" parallax_scroll=\"no\" mobile_bg_img_hidden=\"no\" tablet_bg_img_hidden=\"no\" woodmart_parallax=\"0\" woodmart_sticky_column=\"true\" mobile_reset_margin=\"no\" tablet_reset_margin=\"no\" css=\".vc_custom_1667487846591{padding-top: 0px !important;}\" wd_collapsible_content_switcher=\"no\" wd_column_role_offcanvas_desktop=\"no\" wd_column_role_offcanvas_tablet=\"no\" wd_column_role_offcanvas_mobile=\"no\" wd_column_role_content_desktop=\"no\" wd_column_role_content_tablet=\"no\" wd_column_role_content_mobile=\"no\" woodmart_box_shadow=\"no\" wd_z_index=\"no\"][vc_gmaps link=\"#E-8_JTNDaWZyYW1lJTIwc3JjJTNEJTIyaHR0cHMlM0ElMkYlMkZ3d3cuZ29vZ2xlLmNvbSUyRm1hcHMlMkZlbWJlZCUzRnBiJTNEJTIxMW0xOCUyMTFtMTIlMjExbTMlMjExZDI3OTkuMzcwMDk1MjMyMDc4MyUyMTJkLTczLjg5MTI2Mzc4NDIzMzcxJTIxM2Q0NS40NDIxOTc3NDI5MzIwMiUyMTJtMyUyMTFmMCUyMTJmMCUyMTNmMCUyMTNtMiUyMTFpMTAyNCUyMTJpNzY4JTIxNGYxMy4xJTIxM20zJTIxMW0yJTIxMXMweDRjYzkzOTYzZWZhM2ViYTMlMjUzQTB4NzM3ZjExMWMyZGJlNzQ1YSUyMTJzMzI2OCUyNTIwSmVhbiUyNTIwWXZlcyUyNTIwU3QlMjUyQyUyNTIwS2lya2xhbmQlMjUyQyUyNTIwUUMlMjUyMEg5SiUyNTIwMlI2JTIxNWUwJTIxM20yJTIxMXNlbiUyMTJzY2ElMjE0djE2NzM0NjA5MDQ4MDklMjE1bTIlMjExc2VuJTIxMnNjYSUyMiUyMHdpZHRoJTNEJTIyNjAwJTIyJTIwaGVpZ2h0JTNEJTIyNDUwJTIyJTIwc3R5bGUlM0QlMjJib3JkZXIlM0EwJTNCJTIyJTIwYWxsb3dmdWxsc2NyZWVuJTNEJTIyJTIyJTIwbG9hZGluZyUzRCUyMmxhenklMjIlMjByZWZlcnJlcnBvbGljeSUzRCUyMm5vLXJlZmVycmVyLXdoZW4tZG93bmdyYWRlJTIyJTNFJTNDJTJGaWZyYW1lJTNF\" size=\"450\"][\/vc_column][vc_column css=\".vc_custom_1627912174353{padding-top: 0px !important;}\" offset=\"vc_col-md-6 vc_col-xs-12\" woodmart_css_id=\"6107f7e625cb9\" responsive_spacing=\"eyJwYXJhbV90eXBlIjoid29vZG1hcnRfcmVzcG9uc2l2ZV9zcGFjaW5nIiwic2VsZWN0b3JfaWQiOiI2MTA3ZjdlNjI1Y2I5Iiwic2hvcnRjb2RlIjoidmNfY29sdW1uIiwiZGF0YSI6eyJ0YWJsZXQiOnsibWFyZ2luLWJvdHRvbSI6IjIwIn0sIm1vYmlsZSI6e319fQ==\" parallax_scroll=\"no\" mobile_bg_img_hidden=\"no\" tablet_bg_img_hidden=\"no\" woodmart_parallax=\"0\" woodmart_sticky_column=\"false\" mobile_reset_margin=\"no\" tablet_reset_margin=\"no\"]\n\t\t<div id=\"wd-6364075e87c02\" class=\"title-wrapper wd-wpb wd-set-mb reset-last-child  wd-rs-6364075e87c02 wd-title-color-primary wd-title-style-default text-left vc_custom_1667499879881 wd-underline-colored\">\n\t\t\t\t\t\t\t\n\t\t\t\t<div class=\"title-subtitle  subtitle-color-primary font-default subtitle-style-background wd-font-weight- wd-fontsize-xs\">Friperie<\/div>\n\t\t\t\n\t\t\t<div class=\"liner-continer\">\n\t\t\t\t<h4 class=\"woodmart-title-container title  wd-font-weight- wd-fontsize-xxl\" >Kirkland<\/h4>\n\t\t\t\t\t\t\t<\/div>\n\t\t\t\n\t\t\t\n\t\t\t\n\t\t<\/div>\n\t\t\n\t\t\t\t<div id=\"wd-68413224cad77\" class=\"wd-text-block wd-wpb reset-last-child wd-rs-68413224cad77 text-left \">\n\t\t\t<p>La boutique d'occasion pour NOVA \u00e0 Kirkland propose des v\u00eatements pour femmes, hommes et enfants. Vous y trouverez des v\u00eatements grande taille, des v\u00eatements de sport et m\u00eame des tenues de c\u00e9r\u00e9monie ! Vous pourrez compl\u00e9ter votre tenue avec des chaussures et des accessoires, notamment des bijoux !<\/p>\n<p>Vous y d\u00e9couvrirez \u00e9galement une mine de tr\u00e9sors pour votre maison, notamment de la vaisselle, de la verrerie, des objets de d\u00e9coration et bien plus encore !<\/p>\n\t\t<\/div>\n\t\t[vc_row_inner content_placement=\"top\"][vc_column_inner css=\".vc_custom_1627912156369{margin-bottom: 20px !important;padding-top: 0px !important;}\" woodmart_css_id=\"6107f7da74c0a\" responsive_spacing=\"eyJwYXJhbV90eXBlIjoid29vZG1hcnRfcmVzcG9uc2l2ZV9zcGFjaW5nIiwic2VsZWN0b3JfaWQiOiI2MTA3ZjdkYTc0YzBhIiwic2hvcnRjb2RlIjoidmNfY29sdW1uX2lubmVyIiwiZGF0YSI6eyJ0YWJsZXQiOnt9LCJtb2JpbGUiOnt9fX0=\"]\n\t\t<div id=\"wd-6363da0841434\" class=\"title-wrapper wd-wpb wd-set-mb reset-last-child  wd-rs-6363da0841434 wd-title-color-default wd-title-style-default text-left vc_custom_1667488271640 wd-underline-colored\">\n\t\t\t\n\t\t\t<div class=\"liner-continer\">\n\t\t\t\t<h4 class=\"woodmart-title-container title  wd-font-weight- wd-fontsize-l\" >Adresse<\/h4>\n\t\t\t\t\t\t\t<\/div>\n\t\t\t\n\t\t\t\n\t\t\t\n\t\t<\/div>\n\t\t\n\t\t\t\t<div id=\"wd-638f6d0497578\" class=\"wd-text-block wd-wpb reset-last-child wd-rs-638f6d0497578 text-left vc_custom_1670343949749\">\n\t\t\t<p>3268 rue Jean-Yves, Kirkland, Qc H9J 2R6<\/p>\n\t\t<\/div>\n\t\t\n\t\t<div id=\"wd-6363da8acaacc\" class=\"title-wrapper wd-wpb wd-set-mb reset-last-child  wd-rs-6363da8acaacc wd-title-color-default wd-title-style-default text-left vc_custom_1667488401842 wd-underline-colored\">\n\t\t\t\n\t\t\t<div class=\"liner-continer\">\n\t\t\t\t<h4 class=\"woodmart-title-container title  wd-font-weight- wd-fontsize-l\" >Heures<\/h4>\n\t\t\t\t\t\t\t<\/div>\n\t\t\t\n\t\t\t\n\t\t\t\n\t\t<\/div>\n\t\t\n\t\t\t\t<div id=\"wd-636407c922b48\" class=\"wd-text-block wd-wpb reset-last-child wd-rs-636407c922b48 text-left vc_custom_1667499982047\">\n\t\t\t<p>Mardi au Samedi 10:00 \u2013 16:00<\/p>\n\t\t<\/div>\n\t\t\t\t<div id=\"wd-636407db91649\" class=\"wd-text-block wd-wpb reset-last-child wd-rs-636407db91649 text-left wd-font-weight-600 color-primary wd-fontsize-custom vc_custom_1667499999503\">\n\t\t\t<p>(514) 697-6692<\/p>\n\t\t<\/div>\n\t\t\t\t<div id=\"wd-64f90a47d6a40\" class=\"wd-text-block wd-wpb reset-last-child wd-rs-64f90a47d6a40 text-left \">\n\t\t\t<p><a href=\"mailto:kirkland@thriftshopsfornova.com\">kirkland@thriftshopsfornova.com<\/a><\/p>\n\t\t<\/div>\n\t\t[\/vc_column_inner][\/vc_row_inner][\/vc_column][\/vc_row]<\/div>[\/vc_column][\/vc_row]<\/p>\n<\/div>","protected":false},"excerpt":{"rendered":"<p>[vc_row][vc_column][\/vc_column][\/vc_row]<\/p>\n","protected":false},"author":1,"featured_media":0,"parent":0,"menu_order":0,"comment_status":"closed","ping_status":"closed","template":"","meta":{"footnotes":""},"class_list":["post-7794","page","type-page","status-publish","hentry"],"_links":{"self":[{"href":"https:\/\/thriftshopsfornova.com\/fr\/wp-json\/wp\/v2\/pages\/7794","targetHints":{"allow":["GET"]}}],"collection":[{"href":"https:\/\/thriftshopsfornova.com\/fr\/wp-json\/wp\/v2\/pages"}],"about":[{"href":"https:\/\/thriftshopsfornova.com\/fr\/wp-json\/wp\/v2\/types\/page"}],"author":[{"embeddable":true,"href":"https:\/\/thriftshopsfornova.com\/fr\/wp-json\/wp\/v2\/users\/1"}],"replies":[{"embeddable":true,"href":"https:\/\/thriftshopsfornova.com\/fr\/wp-json\/wp\/v2\/comments?post=7794"}],"version-history":[{"count":7,"href":"https:\/\/thriftshopsfornova.com\/fr\/wp-json\/wp\/v2\/pages\/7794\/revisions"}],"predecessor-version":[{"id":7801,"href":"https:\/\/thriftshopsfornova.com\/fr\/wp-json\/wp\/v2\/pages\/7794\/revisions\/7801"}],"wp:attachment":[{"href":"https:\/\/thriftshopsfornova.com\/fr\/wp-json\/wp\/v2\/media?parent=7794"}],"curies":[{"name":"wp","href":"https:\/\/api.w.org\/{rel}","templated":true}]}}