{"id":7805,"date":"2024-04-09T05:38:27","date_gmt":"2024-04-09T05:38:27","guid":{"rendered":"https:\/\/thriftshopsfornova.com\/pointe-claire\/"},"modified":"2024-04-09T05:57:05","modified_gmt":"2024-04-09T05:57:05","slug":"pointe-claire","status":"publish","type":"page","link":"https:\/\/thriftshopsfornova.com\/fr\/pointe-claire\/","title":{"rendered":"Pointe-Claire"},"content":{"rendered":"<div class=\"wpb-content-wrapper\"><p>[vc_row][vc_column]<style data-type=\"vc_shortcodes-custom-css\">.vc_custom_1667488878186{margin-top: 40px !important;margin-bottom: 80px !important;}.vc_custom_1667487846591{padding-top: 0px !important;}.vc_custom_1627912174353{padding-top: 0px !important;}.vc_custom_1667499453961{margin-bottom: 25px !important;border-bottom-width: 1px !important;padding-bottom: 25px !important;border-bottom-color: #e5e5e5 !important;border-bottom-style: solid !important;}.vc_custom_1627912156369{margin-bottom: 20px !important;padding-top: 0px !important;}.vc_custom_1667488271640{margin-bottom: 10px !important;}.vc_custom_1667499509712{margin-bottom: 20px !important;}.vc_custom_1667488401842{margin-bottom: 10px !important;}.vc_custom_1667499560872{margin-bottom: 20px !important;border-bottom-width: 1px !important;padding-bottom: 25px !important;border-bottom-color: #e5e5e5 !important;border-bottom-style: solid !important;}.vc_custom_1667499578064{margin-bottom: 0px !important;}#wd-63640635c4b76.wd-text-block{line-height:34px;font-size:24px;}@media (max-width: 1199px) {html .wd-rs-6363dc6279ab6{margin-bottom:20px !important;}html .wd-rs-6363d8609902c > .vc_column-inner{margin-bottom:40px !important;}html .wd-rs-6107f7e625cb9 > .vc_column-inner{margin-bottom:20px !important;}}@media (max-width: 767px) {html .wd-rs-6363dc6279ab6{margin-bottom:0px !important;}}<\/style><div class=\"wpb-content-wrapper\">[vc_row equal_height=\"yes\" content_placement=\"top\" css=\".vc_custom_1667488878186{margin-top: 40px !important;margin-bottom: 80px !important;}\" woodmart_css_id=\"6363dc6279ab6\" responsive_spacing=\"eyJwYXJhbV90eXBlIjoid29vZG1hcnRfcmVzcG9uc2l2ZV9zcGFjaW5nIiwic2VsZWN0b3JfaWQiOiI2MzYzZGM2Mjc5YWI2Iiwic2hvcnRjb2RlIjoidmNfcm93IiwiZGF0YSI6eyJ0YWJsZXQiOnsibWFyZ2luLWJvdHRvbSI6IjIwcHgifSwibW9iaWxlIjp7Im1hcmdpbi1ib3R0b20iOiIwcHgifX19\" mobile_bg_img_hidden=\"no\" tablet_bg_img_hidden=\"no\" woodmart_parallax=\"0\" woodmart_gradient_switch=\"no\" row_reverse_mobile=\"0\" row_reverse_tablet=\"0\" woodmart_disable_overflow=\"0\" woodmart_box_shadow=\"no\" wd_z_index=\"no\"][vc_column woodmart_sticky_column_offset=\"\" offset=\"vc_col-md-6 vc_col-xs-12\" woodmart_css_id=\"6363d8609902c\" responsive_spacing=\"eyJwYXJhbV90eXBlIjoid29vZG1hcnRfcmVzcG9uc2l2ZV9zcGFjaW5nIiwic2VsZWN0b3JfaWQiOiI2MzYzZDg2MDk5MDJjIiwic2hvcnRjb2RlIjoidmNfY29sdW1uIiwiZGF0YSI6eyJ0YWJsZXQiOnsibWFyZ2luLWJvdHRvbSI6IjQwcHgifSwibW9iaWxlIjp7fX19\" parallax_scroll=\"no\" mobile_bg_img_hidden=\"no\" tablet_bg_img_hidden=\"no\" woodmart_parallax=\"0\" woodmart_sticky_column=\"true\" mobile_reset_margin=\"no\" tablet_reset_margin=\"no\" css=\".vc_custom_1667487846591{padding-top: 0px !important;}\" wd_collapsible_content_switcher=\"no\" wd_column_role_offcanvas_desktop=\"no\" wd_column_role_offcanvas_tablet=\"no\" wd_column_role_offcanvas_mobile=\"no\" wd_column_role_content_desktop=\"no\" wd_column_role_content_tablet=\"no\" wd_column_role_content_mobile=\"no\" woodmart_box_shadow=\"no\" wd_z_index=\"no\"][vc_single_image image=\"7829\" img_size=\"full\" parallax_scroll=\"no\" woodmart_inline=\"no\"][\/vc_column][vc_column css=\".vc_custom_1627912174353{padding-top: 0px !important;}\" offset=\"vc_col-md-6 vc_col-xs-12\" woodmart_css_id=\"6107f7e625cb9\" responsive_spacing=\"eyJwYXJhbV90eXBlIjoid29vZG1hcnRfcmVzcG9uc2l2ZV9zcGFjaW5nIiwic2VsZWN0b3JfaWQiOiI2MTA3ZjdlNjI1Y2I5Iiwic2hvcnRjb2RlIjoidmNfY29sdW1uIiwiZGF0YSI6eyJ0YWJsZXQiOnsibWFyZ2luLWJvdHRvbSI6IjIwIn0sIm1vYmlsZSI6e319fQ==\" parallax_scroll=\"no\" mobile_bg_img_hidden=\"no\" tablet_bg_img_hidden=\"no\" woodmart_parallax=\"0\" woodmart_sticky_column=\"false\" mobile_reset_margin=\"no\" tablet_reset_margin=\"no\"]\n\t\t<div id=\"wd-636405b3d435a\" class=\"title-wrapper wd-wpb wd-set-mb reset-last-child  wd-rs-636405b3d435a wd-title-color-primary wd-title-style-default text-left vc_custom_1667499453961 wd-underline-colored\">\n\t\t\t\t\t\t\t\n\t\t\t\t<div class=\"title-subtitle  subtitle-color-primary font-default subtitle-style-background wd-font-weight- wd-fontsize-xs\">Friperie<\/div>\n\t\t\t\n\t\t\t<div class=\"liner-continer\">\n\t\t\t\t<h4 class=\"woodmart-title-container title  wd-font-weight- wd-fontsize-xxl\" >Pointe-Claire<\/h4>\n\t\t\t\t\t\t\t<\/div>\n\t\t\t\n\t\t\t\n\t\t\t\n\t\t<\/div>\n\t\t\n\t\t\t\t<div id=\"wd-6841331e048ac\" class=\"wd-text-block wd-wpb reset-last-child wd-rs-6841331e048ac text-left \">\n\t\t\t<p>Une collection infinie d'articles uniques pour la maison : vaisselle, verrerie, argenterie, vases, petits appareils \u00e9lectrom\u00e9nagers, linge de maison, peintures et gravures. Les s\u00e9lections saisonni\u00e8res dans ce domaine sont toujours une source de d\u00e9couvertes int\u00e9ressantes !<\/p>\n<p>D\u00e9couvrez une s\u00e9lection en constante \u00e9volution de v\u00eatements pour femmes, hommes et enfants, ainsi que des jouets pour enfants et des articles de d\u00e9coration int\u00e9rieure.<\/p>\n\t\t<\/div>\n\t\t[vc_row_inner content_placement=\"top\"][vc_column_inner css=\".vc_custom_1627912156369{margin-bottom: 20px !important;padding-top: 0px !important;}\" woodmart_css_id=\"6107f7da74c0a\" responsive_spacing=\"eyJwYXJhbV90eXBlIjoid29vZG1hcnRfcmVzcG9uc2l2ZV9zcGFjaW5nIiwic2VsZWN0b3JfaWQiOiI2MTA3ZjdkYTc0YzBhIiwic2hvcnRjb2RlIjoidmNfY29sdW1uX2lubmVyIiwiZGF0YSI6eyJ0YWJsZXQiOnt9LCJtb2JpbGUiOnt9fX0=\"]\n\t\t<div id=\"wd-6363da0841434\" class=\"title-wrapper wd-wpb wd-set-mb reset-last-child  wd-rs-6363da0841434 wd-title-color-default wd-title-style-default text-left vc_custom_1667488271640 wd-underline-colored\">\n\t\t\t\n\t\t\t<div class=\"liner-continer\">\n\t\t\t\t<h4 class=\"woodmart-title-container title  wd-font-weight- wd-fontsize-l\" >Adresse<\/h4>\n\t\t\t\t\t\t\t<\/div>\n\t\t\t\n\t\t\t\n\t\t\t\n\t\t<\/div>\n\t\t\n\t\t\t\t<div id=\"wd-636405ee7dc41\" class=\"wd-text-block wd-wpb reset-last-child wd-rs-636405ee7dc41 text-left vc_custom_1667499509712\">\n\t\t\t<p>Plaza Pointe-Claire, 321 Boul. St Jean, Pointe-Claire, Quebec H9R 3J1<\/p>\n\t\t<\/div>\n\t\t\n\t\t<div id=\"wd-6363da8acaacc\" class=\"title-wrapper wd-wpb wd-set-mb reset-last-child  wd-rs-6363da8acaacc wd-title-color-default wd-title-style-default text-left vc_custom_1667488401842 wd-underline-colored\">\n\t\t\t\n\t\t\t<div class=\"liner-continer\">\n\t\t\t\t<h4 class=\"woodmart-title-container title  wd-font-weight- wd-fontsize-l\" >Heures<\/h4>\n\t\t\t\t\t\t\t<\/div>\n\t\t\t\n\t\t\t\n\t\t\t\n\t\t<\/div>\n\t\t\n\t\t\t\t<div id=\"wd-636405fc22ee7\" class=\"wd-text-block wd-wpb reset-last-child wd-rs-636405fc22ee7 text-left vc_custom_1667499560872\">\n\t\t\t<p>Mardi au Dimanche 10:00h \u2013 16:00h<\/p>\n\t\t<\/div>\n\t\t\t\t<div id=\"wd-63640635c4b76\" class=\"wd-text-block wd-wpb reset-last-child wd-rs-63640635c4b76 text-left wd-font-weight-600 color-primary wd-fontsize-custom vc_custom_1667499578064\">\n\t\t\t<p>(514) 697-8457<\/p>\n\t\t<\/div>\n\t\t\t\t<div id=\"wd-6495acaa1adec\" class=\"wd-text-block wd-wpb reset-last-child wd-rs-6495acaa1adec text-left \">\n\t\t\t<p><a href=\"mailto:pointeclaire@thriftshopsfornova.com\">pointeclaire@thriftshopsfornova.com<\/a><\/p>\n\t\t<\/div>\n\t\t[\/vc_column_inner][\/vc_row_inner][\/vc_column][\/vc_row]<\/div>[\/vc_column][\/vc_row]<\/p>\n<\/div>","protected":false},"excerpt":{"rendered":"<p>[vc_row][vc_column][\/vc_column][\/vc_row]<\/p>\n","protected":false},"author":1,"featured_media":0,"parent":0,"menu_order":0,"comment_status":"closed","ping_status":"closed","template":"","meta":{"footnotes":""},"class_list":["post-7805","page","type-page","status-publish","hentry"],"_links":{"self":[{"href":"https:\/\/thriftshopsfornova.com\/fr\/wp-json\/wp\/v2\/pages\/7805","targetHints":{"allow":["GET"]}}],"collection":[{"href":"https:\/\/thriftshopsfornova.com\/fr\/wp-json\/wp\/v2\/pages"}],"about":[{"href":"https:\/\/thriftshopsfornova.com\/fr\/wp-json\/wp\/v2\/types\/page"}],"author":[{"embeddable":true,"href":"https:\/\/thriftshopsfornova.com\/fr\/wp-json\/wp\/v2\/users\/1"}],"replies":[{"embeddable":true,"href":"https:\/\/thriftshopsfornova.com\/fr\/wp-json\/wp\/v2\/comments?post=7805"}],"version-history":[{"count":4,"href":"https:\/\/thriftshopsfornova.com\/fr\/wp-json\/wp\/v2\/pages\/7805\/revisions"}],"predecessor-version":[{"id":7809,"href":"https:\/\/thriftshopsfornova.com\/fr\/wp-json\/wp\/v2\/pages\/7805\/revisions\/7809"}],"wp:attachment":[{"href":"https:\/\/thriftshopsfornova.com\/fr\/wp-json\/wp\/v2\/media?parent=7805"}],"curies":[{"name":"wp","href":"https:\/\/api.w.org\/{rel}","templated":true}]}}