{"id":7875,"date":"2024-04-16T05:32:16","date_gmt":"2024-04-16T05:32:16","guid":{"rendered":"https:\/\/thriftshopsfornova.com\/ste-anne-de-bellevue-bookstore\/"},"modified":"2024-04-16T07:27:32","modified_gmt":"2024-04-16T07:27:32","slug":"ste-anne-de-bellevue-librairie","status":"publish","type":"page","link":"https:\/\/thriftshopsfornova.com\/fr\/ste-anne-de-bellevue-librairie\/","title":{"rendered":"Ste Anne de Bellevue Librairie"},"content":{"rendered":"<div class=\"wpb-content-wrapper\"><p>[vc_row][vc_column]<style data-type=\"vc_shortcodes-custom-css\">.vc_custom_1667488878186{margin-top: 40px !important;margin-bottom: 80px !important;}.vc_custom_1667487846591{padding-top: 0px !important;}.vc_custom_1627912174353{padding-top: 0px !important;}.vc_custom_1729855106806{margin-top: 15px !important;}.vc_custom_1712646373713{margin-bottom: 10px !important;}.vc_custom_1667488271640{margin-bottom: 10px !important;}.vc_custom_1667488401842{margin-bottom: 10px !important;}.vc_custom_1713126902159{margin-bottom: 0px !important;padding-bottom: 25px !important;}.vc_custom_1713126727893{margin-bottom: 0px !important;}#wd-661c3d364e112.wd-text-block{line-height:34px;font-size:24px;}@media (max-width: 1199px) {html .wd-rs-6363dc6279ab6{margin-bottom:20px !important;}html .wd-rs-6363d8609902c > .vc_column-inner{margin-bottom:40px !important;}html .wd-rs-6107f7e625cb9 > .vc_column-inner{margin-bottom:20px !important;}}@media (max-width: 767px) {html .wd-rs-6363dc6279ab6{margin-bottom:0px !important;}}<\/style><div class=\"wpb-content-wrapper\">[vc_row equal_height=\"yes\" content_placement=\"top\" css=\".vc_custom_1667488878186{margin-top: 40px !important;margin-bottom: 80px !important;}\" woodmart_css_id=\"6363dc6279ab6\" responsive_spacing=\"eyJwYXJhbV90eXBlIjoid29vZG1hcnRfcmVzcG9uc2l2ZV9zcGFjaW5nIiwic2VsZWN0b3JfaWQiOiI2MzYzZGM2Mjc5YWI2Iiwic2hvcnRjb2RlIjoidmNfcm93IiwiZGF0YSI6eyJ0YWJsZXQiOnsibWFyZ2luLWJvdHRvbSI6IjIwcHgifSwibW9iaWxlIjp7Im1hcmdpbi1ib3R0b20iOiIwcHgifX19\" mobile_bg_img_hidden=\"no\" tablet_bg_img_hidden=\"no\" woodmart_parallax=\"0\" woodmart_gradient_switch=\"no\" row_reverse_mobile=\"0\" row_reverse_tablet=\"0\" woodmart_disable_overflow=\"0\" woodmart_box_shadow=\"no\" wd_z_index=\"no\"][vc_column woodmart_sticky_column_offset=\"\" offset=\"vc_col-md-6 vc_col-xs-12\" woodmart_css_id=\"6363d8609902c\" responsive_spacing=\"eyJwYXJhbV90eXBlIjoid29vZG1hcnRfcmVzcG9uc2l2ZV9zcGFjaW5nIiwic2VsZWN0b3JfaWQiOiI2MzYzZDg2MDk5MDJjIiwic2hvcnRjb2RlIjoidmNfY29sdW1uIiwiZGF0YSI6eyJ0YWJsZXQiOnsibWFyZ2luLWJvdHRvbSI6IjQwcHgifSwibW9iaWxlIjp7fX19\" parallax_scroll=\"no\" mobile_bg_img_hidden=\"no\" tablet_bg_img_hidden=\"no\" woodmart_parallax=\"0\" woodmart_sticky_column=\"true\" mobile_reset_margin=\"no\" tablet_reset_margin=\"no\" css=\".vc_custom_1667487846591{padding-top: 0px !important;}\" wd_collapsible_content_switcher=\"no\" wd_column_role_offcanvas_desktop=\"no\" wd_column_role_offcanvas_tablet=\"no\" wd_column_role_offcanvas_mobile=\"no\" wd_column_role_content_desktop=\"no\" wd_column_role_content_tablet=\"no\" wd_column_role_content_mobile=\"no\" woodmart_box_shadow=\"no\" wd_z_index=\"no\"][vc_single_image image=\"7998\" img_size=\"full\" parallax_scroll=\"no\" woodmart_inline=\"no\" css=\".vc_custom_1729855106806{margin-top: 15px !important;}\"][\/vc_column][vc_column css=\".vc_custom_1627912174353{padding-top: 0px !important;}\" offset=\"vc_col-md-6 vc_col-xs-12\" woodmart_css_id=\"6107f7e625cb9\" responsive_spacing=\"eyJwYXJhbV90eXBlIjoid29vZG1hcnRfcmVzcG9uc2l2ZV9zcGFjaW5nIiwic2VsZWN0b3JfaWQiOiI2MTA3ZjdlNjI1Y2I5Iiwic2hvcnRjb2RlIjoidmNfY29sdW1uIiwiZGF0YSI6eyJ0YWJsZXQiOnsibWFyZ2luLWJvdHRvbSI6IjIwIn0sIm1vYmlsZSI6e319fQ==\" parallax_scroll=\"no\" mobile_bg_img_hidden=\"no\" tablet_bg_img_hidden=\"no\" woodmart_parallax=\"0\" woodmart_sticky_column=\"false\" mobile_reset_margin=\"no\" tablet_reset_margin=\"no\"]\n\t\t<div id=\"wd-6614e8d5e449f\" class=\"title-wrapper wd-wpb wd-set-mb reset-last-child  wd-rs-6614e8d5e449f wd-title-color-primary wd-title-style-default text-left vc_custom_1712646373713 wd-title-empty wd-underline-colored\">\n\t\t\t\t\t\t\t\n\t\t\t\t<div class=\"title-subtitle  subtitle-color-primary font-default subtitle-style-background wd-font-weight- wd-fontsize-xs\">Librairie<\/div>\n\t\t\t\n\t\t\t<div class=\"liner-continer\">\n\t\t\t\t<h4 class=\"woodmart-title-container title  wd-font-weight- wd-fontsize-xxl\" ><\/h4>\n\t\t\t\t\t\t\t<\/div>\n\t\t\t\n\t\t\t\n\t\t\t\n\t\t<\/div>\n\t\t\n\t\t\t\t<div id=\"wd-671b7e885da39\" class=\"wd-text-block wd-wpb reset-last-child wd-rs-671b7e885da39 text-left \">\n\t\t\t<p>Vous d\u00e9couvrirez une large gamme de livres pour tous les \u00e2ges. Les<br \/>\nachats sont facilit\u00e9s gr\u00e2ce aux magasins magnifiquement organis\u00e9s par<br \/>\nnos b\u00e9n\u00e9voles par cat\u00e9gorie et par ordre alphab\u00e9tique.<br \/>\nNos prix tr\u00e8s \u00e9tudi\u00e9s permettent \u00e0 tous, lecteurs et amateurs de musique<br \/>\net de cin\u00e9ma de s'adonner \u00e0 leur d\u00e9tente pr\u00e9f\u00e9r\u00e9e sans compter!<br \/>\nIl y a aussi des livres rares \u00e0 d\u00e9couvrir et leur valeur est exceptionnelle !<br \/>\n<strong>Livres:<\/strong><br \/>\nRomans et Non-Fiction, livres de Collection, livres pour enfants, po\u00e9sie,<br \/>\nclassiques, livres de jardinage, de cuisine, de sport, magazines etc.<br \/>\n<strong>Produits d\u00e9riv\u00e9s:<\/strong><br \/>\nAffiches, cartes postales, timbres, sacs cadeau, partitions, fournitures<br \/>\npour Scrapbooking, cartes de collection (Sports, Pokemon, etc.) , cartes<br \/>\nde voeux, Ephemera.<br \/>\n<strong>Audio-Visuel:<\/strong><br \/>\nCD, DVD, Albums 33 tours, 45 tours, Blu-ray, Livres Audio et autres arti-<br \/>\ncles vari\u00e9s d\u00e9riv\u00e9s.<br \/>\n<strong>NB:<\/strong> Les dons sont toujours vivement appr\u00e9ci\u00e9s, mais par manque de<br \/>\nplace, nous ne pouvons pas accepter les dons d\u2019Encyclop\u00e9dies, de livres<br \/>\nscolaires et universitaires et les compilations Reader\u2019s Digest.<\/p>\n\t\t<\/div>\n\t\t\n\t\t<div id=\"wd-6363da0841434\" class=\"title-wrapper wd-wpb wd-set-mb reset-last-child  wd-rs-6363da0841434 wd-title-color-default wd-title-style-default text-left vc_custom_1667488271640 wd-underline-colored\">\n\t\t\t\n\t\t\t<div class=\"liner-continer\">\n\t\t\t\t<h4 class=\"woodmart-title-container title  wd-font-weight- wd-fontsize-l\" >Adresse<\/h4>\n\t\t\t\t\t\t\t<\/div>\n\t\t\t\n\t\t\t\n\t\t\t\n\t\t<\/div>\n\t\t\n\t\t\t\t<div id=\"wd-67b58af81e47a\" class=\"wd-text-block wd-wpb reset-last-child wd-rs-67b58af81e47a text-left \">\n\t\t\t<p>43 - Suite 2 rue Ste-Anne Ste-Anne-de-Bellevue, Quebec H9X 1L4<\/p>\n\t\t<\/div>\n\t\t\n\t\t<div id=\"wd-6363da8acaacc\" class=\"title-wrapper wd-wpb wd-set-mb reset-last-child  wd-rs-6363da8acaacc wd-title-color-default wd-title-style-default text-left vc_custom_1667488401842 wd-underline-colored\">\n\t\t\t\n\t\t\t<div class=\"liner-continer\">\n\t\t\t\t<h4 class=\"woodmart-title-container title  wd-font-weight- wd-fontsize-l\" >Heures<\/h4>\n\t\t\t\t\t\t\t<\/div>\n\t\t\t\n\t\t\t\n\t\t\t\n\t\t<\/div>\n\t\t\n\t\t\t\t<div id=\"wd-661c3dedb6fd3\" class=\"wd-text-block wd-wpb reset-last-child wd-rs-661c3dedb6fd3 text-left vc_custom_1713126902159\">\n\t\t\t<p>mardi-dimanche 10h-16h<\/p>\n\t\t<\/div>\n\t\t\t\t<div id=\"wd-661c3d364e112\" class=\"wd-text-block wd-wpb reset-last-child wd-rs-661c3d364e112 text-left wd-font-weight-600 color-primary wd-fontsize-custom vc_custom_1713126727893\">\n\t\t\t<p>(514) 457-1948<\/p>\n\t\t<\/div>\n\t\t\t\t<div id=\"wd-661c3d0e60f9c\" class=\"wd-text-block wd-wpb reset-last-child wd-rs-661c3d0e60f9c text-left \">\n\t\t\t<p><a href=\"mailto:steannebooks@thriftshopsfornova.com\">steannebooks@thriftshopsfornova.com<\/a><\/p>\n\t\t<\/div>\n\t\t[\/vc_column][\/vc_row]<\/div>[\/vc_column][\/vc_row]<\/p>\n<\/div>","protected":false},"excerpt":{"rendered":"<p>[vc_row][vc_column][\/vc_column][\/vc_row]<\/p>\n","protected":false},"author":1,"featured_media":0,"parent":0,"menu_order":0,"comment_status":"closed","ping_status":"closed","template":"","meta":{"footnotes":""},"class_list":["post-7875","page","type-page","status-publish","hentry"],"_links":{"self":[{"href":"https:\/\/thriftshopsfornova.com\/fr\/wp-json\/wp\/v2\/pages\/7875","targetHints":{"allow":["GET"]}}],"collection":[{"href":"https:\/\/thriftshopsfornova.com\/fr\/wp-json\/wp\/v2\/pages"}],"about":[{"href":"https:\/\/thriftshopsfornova.com\/fr\/wp-json\/wp\/v2\/types\/page"}],"author":[{"embeddable":true,"href":"https:\/\/thriftshopsfornova.com\/fr\/wp-json\/wp\/v2\/users\/1"}],"replies":[{"embeddable":true,"href":"https:\/\/thriftshopsfornova.com\/fr\/wp-json\/wp\/v2\/comments?post=7875"}],"version-history":[{"count":4,"href":"https:\/\/thriftshopsfornova.com\/fr\/wp-json\/wp\/v2\/pages\/7875\/revisions"}],"predecessor-version":[{"id":7909,"href":"https:\/\/thriftshopsfornova.com\/fr\/wp-json\/wp\/v2\/pages\/7875\/revisions\/7909"}],"wp:attachment":[{"href":"https:\/\/thriftshopsfornova.com\/fr\/wp-json\/wp\/v2\/media?parent=7875"}],"curies":[{"name":"wp","href":"https:\/\/api.w.org\/{rel}","templated":true}]}}